{"id":1853,"date":"2024-06-18T14:16:08","date_gmt":"2024-06-18T12:16:08","guid":{"rendered":"https:\/\/abearchitects.com\/design-dinterieur\/"},"modified":"2025-02-12T12:03:19","modified_gmt":"2025-02-12T11:03:19","slug":"design-dinterieur","status":"publish","type":"page","link":"https:\/\/abearchitects.com\/fr\/design-dinterieur\/","title":{"rendered":"Design d&rsquo;int\u00e9rieur"},"content":{"rendered":"\t\t<div data-elementor-type=\"wp-page\" data-elementor-id=\"1853\" class=\"elementor elementor-1853 elementor-19\" data-elementor-post-type=\"page\">\n\t\t\t\t<div class=\"elementor-element elementor-element-063e7a7 e-flex e-con-boxed e-con e-parent\" data-id=\"063e7a7\" data-element_type=\"container\" data-e-type=\"container\" data-settings=\"{&quot;background_background&quot;:&quot;classic&quot;}\">\n\t\t\t\t\t<div class=\"e-con-inner\">\n\t\t<div class=\"elementor-element elementor-element-fb3f06e e-con-full e-flex e-con e-child\" data-id=\"fb3f06e\" data-element_type=\"container\" data-e-type=\"container\" data-settings=\"{&quot;background_background&quot;:&quot;classic&quot;}\">\n\t\t\t\t<div class=\"elementor-element elementor-element-67371d3 elementor-widget elementor-widget-heading\" data-id=\"67371d3\" data-element_type=\"widget\" data-e-type=\"widget\" data-widget_type=\"heading.default\">\n\t\t\t\t<div class=\"elementor-widget-container\">\n\t\t\t\t\t<h1 class=\"elementor-heading-title elementor-size-default\">Design d'int\u00e9rieur<\/h1>\t\t\t\t<\/div>\n\t\t\t\t<\/div>\n\t\t\t\t<div class=\"elementor-element elementor-element-8128523 elementor-widget elementor-widget-heading\" data-id=\"8128523\" data-element_type=\"widget\" data-e-type=\"widget\" data-widget_type=\"heading.default\">\n\t\t\t\t<div class=\"elementor-widget-container\">\n\t\t\t\t\t<h2 class=\"elementor-heading-title elementor-size-default\">Chez ABE Architects, nous pensons que l\u2019int\u00e9rieur d\u2019un espace est aussi crucial que son ext\u00e9rieur. Situ\u00e9e \u00e0 Marbella, notre \u00e9quipe d'experts en design d'int\u00e9rieur transforme chaque recoin en une expression d'\u00e9l\u00e9gance, de confort et de fonctionnalit\u00e9. <\/h2>\t\t\t\t<\/div>\n\t\t\t\t<\/div>\n\t\t\t\t<div class=\"elementor-element elementor-element-9acaa6f elementor-widget elementor-widget-text-editor\" data-id=\"9acaa6f\" data-element_type=\"widget\" data-e-type=\"widget\" data-widget_type=\"text-editor.default\">\n\t\t\t\t<div class=\"elementor-widget-container\">\n\t\t\t\t\t\t\t\t\t<p>Notre approche du design d&rsquo;int\u00e9rieur allie cr\u00e9ativit\u00e9 et pr\u00e9cision pour cr\u00e9er des environnements uniques qui refl\u00e8tent la personnalit\u00e9 et le style de nos clients. Qu&rsquo;il s&rsquo;agisse d&rsquo;une maison chaleureuse, d&rsquo;un bureau moderne ou d&rsquo;un espace commercial innovant, chaque projet de design d&rsquo;int\u00e9rieur est l&rsquo;occasion d&rsquo;insuffler de la vie et du caract\u00e8re dans chaque d\u00e9tail. <\/p>\n<p>Nous travaillons en \u00e9troite collaboration avec nos clients pour comprendre leurs besoins et leurs visions, en veillant \u00e0 ce que chaque espace soit non seulement esth\u00e9tiquement attrayant, mais \u00e9galement pratique et fonctionnel. De la s\u00e9lection des mat\u00e9riaux et du mobilier \u00e0 l&rsquo;\u00e9clairage et aux finitions, chaque \u00e9l\u00e9ment est soigneusement choisi pour s&rsquo;harmoniser avec l&rsquo;environnement et maximiser son potentiel. <\/p>\n<p>Notre engagement envers la qualit\u00e9 et l\u2019excellence se refl\u00e8te dans chaque projet de design d\u2019int\u00e9rieur que nous r\u00e9alisons. Nous utilisons des mat\u00e9riaux de haute qualit\u00e9 et des techniques innovantes pour cr\u00e9er des int\u00e9rieurs durables qui d\u00e9passent les attentes. <\/p>\n\t\t\t\t\t\t\t\t<\/div>\n\t\t\t\t<\/div>\n\t\t\t\t<\/div>\n\t\t<div class=\"elementor-element elementor-element-e98d35e e-con-full e-flex e-con e-child\" data-id=\"e98d35e\" data-element_type=\"container\" data-e-type=\"container\" data-settings=\"{&quot;background_background&quot;:&quot;classic&quot;}\">\n\t\t\t\t<div class=\"elementor-element elementor-element-8a03b4e elementor-widget elementor-widget-gallery\" data-id=\"8a03b4e\" data-element_type=\"widget\" data-e-type=\"widget\" data-settings=\"{&quot;gallery_layout&quot;:&quot;masonry&quot;,&quot;columns&quot;:2,&quot;lazyload&quot;:&quot;yes&quot;,&quot;columns_tablet&quot;:2,&quot;columns_mobile&quot;:1,&quot;gap&quot;:{&quot;unit&quot;:&quot;px&quot;,&quot;size&quot;:10,&quot;sizes&quot;:[]},&quot;gap_tablet&quot;:{&quot;unit&quot;:&quot;px&quot;,&quot;size&quot;:10,&quot;sizes&quot;:[]},&quot;gap_mobile&quot;:{&quot;unit&quot;:&quot;px&quot;,&quot;size&quot;:10,&quot;sizes&quot;:[]},&quot;link_to&quot;:&quot;file&quot;,&quot;overlay_background&quot;:&quot;yes&quot;,&quot;content_hover_animation&quot;:&quot;fade-in&quot;}\" data-widget_type=\"gallery.default\">\n\t\t\t\t<div class=\"elementor-widget-container\">\n\t\t\t\t\t\t\t<div class=\"elementor-gallery__container\">\n\t\t\t\t\t\t\t<a class=\"e-gallery-item elementor-gallery-item elementor-animated-content\" href=\"https:\/\/abearchitects.com\/wp-content\/uploads\/2025\/02\/DSC05497-scaled.jpg\" data-elementor-open-lightbox=\"yes\" data-elementor-lightbox-slideshow=\"8a03b4e\" data-elementor-lightbox-title=\"DSC05497\" data-e-action-hash=\"#elementor-action%3Aaction%3Dlightbox%26settings%3DeyJpZCI6MTkzOSwidXJsIjoiaHR0cHM6XC9cL2FiZWFyY2hpdGVjdHMuY29tXC93cC1jb250ZW50XC91cGxvYWRzXC8yMDI1XC8wMlwvRFNDMDU0OTctc2NhbGVkLmpwZyIsInNsaWRlc2hvdyI6IjhhMDNiNGUifQ%3D%3D\">\n\t\t\t\t\t<div class=\"e-gallery-image elementor-gallery-item__image\" data-thumbnail=\"https:\/\/abearchitects.com\/wp-content\/uploads\/2025\/02\/DSC05497-scaled.jpg\" data-width=\"1920\" data-height=\"2560\" aria-label=\"\" role=\"img\" ><\/div>\n\t\t\t\t\t\t\t\t\t\t\t<div class=\"elementor-gallery-item__overlay\"><\/div>\n\t\t\t\t\t\t\t\t\t\t\t\t\t\t<\/a>\n\t\t\t\t\t\t\t<a class=\"e-gallery-item elementor-gallery-item elementor-animated-content\" href=\"https:\/\/abearchitects.com\/wp-content\/uploads\/2025\/02\/DSC05510-2-scaled.jpg\" data-elementor-open-lightbox=\"yes\" data-elementor-lightbox-slideshow=\"8a03b4e\" data-elementor-lightbox-title=\"DSC05510-2\" data-e-action-hash=\"#elementor-action%3Aaction%3Dlightbox%26settings%3DeyJpZCI6MTk0MiwidXJsIjoiaHR0cHM6XC9cL2FiZWFyY2hpdGVjdHMuY29tXC93cC1jb250ZW50XC91cGxvYWRzXC8yMDI1XC8wMlwvRFNDMDU1MTAtMi1zY2FsZWQuanBnIiwic2xpZGVzaG93IjoiOGEwM2I0ZSJ9\">\n\t\t\t\t\t<div class=\"e-gallery-image elementor-gallery-item__image\" data-thumbnail=\"https:\/\/abearchitects.com\/wp-content\/uploads\/2025\/02\/DSC05510-2-scaled.jpg\" data-width=\"1710\" data-height=\"2560\" aria-label=\"\" role=\"img\" ><\/div>\n\t\t\t\t\t\t\t\t\t\t\t<div class=\"elementor-gallery-item__overlay\"><\/div>\n\t\t\t\t\t\t\t\t\t\t\t\t\t\t<\/a>\n\t\t\t\t\t\t\t<a class=\"e-gallery-item elementor-gallery-item elementor-animated-content\" href=\"https:\/\/abearchitects.com\/wp-content\/uploads\/2025\/02\/DSC05504-scaled.jpg\" data-elementor-open-lightbox=\"yes\" data-elementor-lightbox-slideshow=\"8a03b4e\" data-elementor-lightbox-title=\"DSC05504\" data-e-action-hash=\"#elementor-action%3Aaction%3Dlightbox%26settings%3DeyJpZCI6MTk0NSwidXJsIjoiaHR0cHM6XC9cL2FiZWFyY2hpdGVjdHMuY29tXC93cC1jb250ZW50XC91cGxvYWRzXC8yMDI1XC8wMlwvRFNDMDU1MDQtc2NhbGVkLmpwZyIsInNsaWRlc2hvdyI6IjhhMDNiNGUifQ%3D%3D\">\n\t\t\t\t\t<div class=\"e-gallery-image elementor-gallery-item__image\" data-thumbnail=\"https:\/\/abearchitects.com\/wp-content\/uploads\/2025\/02\/DSC05504-scaled.jpg\" data-width=\"1710\" data-height=\"2560\" aria-label=\"\" role=\"img\" ><\/div>\n\t\t\t\t\t\t\t\t\t\t\t<div class=\"elementor-gallery-item__overlay\"><\/div>\n\t\t\t\t\t\t\t\t\t\t\t\t\t\t<\/a>\n\t\t\t\t\t\t\t<a class=\"e-gallery-item elementor-gallery-item elementor-animated-content\" href=\"https:\/\/abearchitects.com\/wp-content\/uploads\/2025\/02\/DSC05502-scaled.jpg\" data-elementor-open-lightbox=\"yes\" data-elementor-lightbox-slideshow=\"8a03b4e\" data-elementor-lightbox-title=\"DSC05502\" data-e-action-hash=\"#elementor-action%3Aaction%3Dlightbox%26settings%3DeyJpZCI6MTk1NCwidXJsIjoiaHR0cHM6XC9cL2FiZWFyY2hpdGVjdHMuY29tXC93cC1jb250ZW50XC91cGxvYWRzXC8yMDI1XC8wMlwvRFNDMDU1MDItc2NhbGVkLmpwZyIsInNsaWRlc2hvdyI6IjhhMDNiNGUifQ%3D%3D\">\n\t\t\t\t\t<div class=\"e-gallery-image elementor-gallery-item__image\" data-thumbnail=\"https:\/\/abearchitects.com\/wp-content\/uploads\/2025\/02\/DSC05502-scaled.jpg\" data-width=\"1710\" data-height=\"2560\" aria-label=\"\" role=\"img\" ><\/div>\n\t\t\t\t\t\t\t\t\t\t\t<div class=\"elementor-gallery-item__overlay\"><\/div>\n\t\t\t\t\t\t\t\t\t\t\t\t\t\t<\/a>\n\t\t\t\t\t<\/div>\n\t\t\t\t\t<\/div>\n\t\t\t\t<\/div>\n\t\t\t\t<\/div>\n\t\t\t\t\t<\/div>\n\t\t\t\t<\/div>\n\t\t\t\t<\/div>\n\t\t","protected":false},"excerpt":{"rendered":"<p>Design d&rsquo;int\u00e9rieur Chez ABE Architects, nous pensons que l\u2019int\u00e9rieur d\u2019un espace est aussi crucial que son ext\u00e9rieur. Situ\u00e9e \u00e0 Marbella, notre \u00e9quipe d&rsquo;experts en design d&rsquo;int\u00e9rieur transforme chaque recoin en une expression d&rsquo;\u00e9l\u00e9gance, de confort et de fonctionnalit\u00e9. Notre approche du design d&rsquo;int\u00e9rieur allie cr\u00e9ativit\u00e9 et pr\u00e9cision pour cr\u00e9er des environnements uniques qui refl\u00e8tent la [&hellip;]<\/p>\n","protected":false},"author":2,"featured_media":0,"parent":0,"menu_order":0,"comment_status":"closed","ping_status":"closed","template":"","meta":{"footnotes":""},"class_list":["post-1853","page","type-page","status-publish","hentry"],"_links":{"self":[{"href":"https:\/\/abearchitects.com\/fr\/wp-json\/wp\/v2\/pages\/1853","targetHints":{"allow":["GET"]}}],"collection":[{"href":"https:\/\/abearchitects.com\/fr\/wp-json\/wp\/v2\/pages"}],"about":[{"href":"https:\/\/abearchitects.com\/fr\/wp-json\/wp\/v2\/types\/page"}],"author":[{"embeddable":true,"href":"https:\/\/abearchitects.com\/fr\/wp-json\/wp\/v2\/users\/2"}],"replies":[{"embeddable":true,"href":"https:\/\/abearchitects.com\/fr\/wp-json\/wp\/v2\/comments?post=1853"}],"version-history":[{"count":3,"href":"https:\/\/abearchitects.com\/fr\/wp-json\/wp\/v2\/pages\/1853\/revisions"}],"predecessor-version":[{"id":1961,"href":"https:\/\/abearchitects.com\/fr\/wp-json\/wp\/v2\/pages\/1853\/revisions\/1961"}],"wp:attachment":[{"href":"https:\/\/abearchitects.com\/fr\/wp-json\/wp\/v2\/media?parent=1853"}],"curies":[{"name":"wp","href":"https:\/\/api.w.org\/{rel}","templated":true}]}}