{"id":1845,"date":"2024-06-18T14:16:45","date_gmt":"2024-06-18T14:16:45","guid":{"rendered":"https:\/\/abearchitects.com\/a-propos-de-nous\/"},"modified":"2024-11-18T11:47:34","modified_gmt":"2024-11-18T11:47:34","slug":"a-propos-de-nous","status":"publish","type":"page","link":"https:\/\/abearchitects.com\/fr\/a-propos-de-nous\/","title":{"rendered":"\u00c0 propos de nous"},"content":{"rendered":"\t\t<div data-elementor-type=\"wp-page\" data-elementor-id=\"1845\" class=\"elementor elementor-1845 elementor-25\" data-elementor-post-type=\"page\">\n\t\t\t\t<div class=\"elementor-element elementor-element-7e534f9 e-con-full e-flex e-con e-parent\" data-id=\"7e534f9\" data-element_type=\"container\" data-e-type=\"container\" data-settings=\"{&quot;background_background&quot;:&quot;classic&quot;}\">\n\t\t<div class=\"elementor-element elementor-element-1f1ef68 e-con-full e-flex e-con e-child\" data-id=\"1f1ef68\" data-element_type=\"container\" data-e-type=\"container\" data-settings=\"{&quot;background_background&quot;:&quot;classic&quot;}\">\n\t\t\t\t<div class=\"elementor-element elementor-element-9e9b06c elementor-widget elementor-widget-image\" data-id=\"9e9b06c\" data-element_type=\"widget\" data-e-type=\"widget\" data-widget_type=\"image.default\">\n\t\t\t\t<div class=\"elementor-widget-container\">\n\t\t\t\t\t\t\t\t\t\t\t\t\t\t\t<img fetchpriority=\"high\" decoding=\"async\" width=\"980\" height=\"530\" src=\"https:\/\/abearchitects.com\/wp-content\/uploads\/2024\/06\/nosotros-01.webp\" class=\"attachment-full size-full wp-image-1846\" alt=\"\" srcset=\"https:\/\/abearchitects.com\/wp-content\/uploads\/2024\/06\/nosotros-01.webp 980w, https:\/\/abearchitects.com\/wp-content\/uploads\/2024\/06\/nosotros-01-300x162.webp 300w, https:\/\/abearchitects.com\/wp-content\/uploads\/2024\/06\/nosotros-01-768x415.webp 768w\" sizes=\"(max-width: 980px) 100vw, 980px\" \/>\t\t\t\t\t\t\t\t\t\t\t\t\t\t\t<\/div>\n\t\t\t\t<\/div>\n\t\t\t\t<\/div>\n\t\t<div class=\"elementor-element elementor-element-f6ce473 e-con-full e-flex e-con e-child\" data-id=\"f6ce473\" data-element_type=\"container\" data-e-type=\"container\" data-settings=\"{&quot;background_background&quot;:&quot;classic&quot;}\">\n\t\t\t\t<div class=\"elementor-element elementor-element-a4a00fb elementor-widget elementor-widget-heading\" data-id=\"a4a00fb\" data-element_type=\"widget\" data-e-type=\"widget\" data-widget_type=\"heading.default\">\n\t\t\t\t<div class=\"elementor-widget-container\">\n\t\t\t\t\t<h1 class=\"elementor-heading-title elementor-size-default\">\u00c0 propos de ABE<\/h1>\t\t\t\t<\/div>\n\t\t\t\t<\/div>\n\t\t\t\t<div class=\"elementor-element elementor-element-724bb64 elementor-widget elementor-widget-heading\" data-id=\"724bb64\" data-element_type=\"widget\" data-e-type=\"widget\" data-widget_type=\"heading.default\">\n\t\t\t\t<div class=\"elementor-widget-container\">\n\t\t\t\t\t<h2 class=\"elementor-heading-title elementor-size-default\">Chez ABE Architects, nous nous engageons \u00e0 cr\u00e9er des conceptions architecturales qui d\u00e9passent les attentes et capturent l'essence de chaque projet. Bas\u00e9 \u00e0 Marbella, notre studio se distingue par son approche innovante et son engagement envers l'excellence dans les moindres d\u00e9tails. <\/h2>\t\t\t\t<\/div>\n\t\t\t\t<\/div>\n\t\t\t\t<div class=\"elementor-element elementor-element-82e38aa elementor-widget elementor-widget-text-editor\" data-id=\"82e38aa\" data-element_type=\"widget\" data-e-type=\"widget\" data-widget_type=\"text-editor.default\">\n\t\t\t\t<div class=\"elementor-widget-container\">\n\t\t\t\t\t\t\t\t\t<p>Notre \u00e9quipe est compos\u00e9e d&rsquo;architectes et de designers hautement qualifi\u00e9s et passionn\u00e9s, qui travaillent en \u00e9troite collaboration avec nos clients pour comprendre leurs besoins et leurs visions. Nous pensons que l&rsquo;architecture doit \u00eatre \u00e0 la fois fonctionnelle et esth\u00e9tique, et chacun de nos projets refl\u00e8te cette philosophie. <\/p>\n\t\t\t\t\t\t\t\t<\/div>\n\t\t\t\t<\/div>\n\t\t\t\t<\/div>\n\t\t\t\t<\/div>\n\t\t<div class=\"elementor-element elementor-element-adb4a18 e-con-full e-flex e-con e-parent\" data-id=\"adb4a18\" data-element_type=\"container\" data-e-type=\"container\" data-settings=\"{&quot;background_background&quot;:&quot;classic&quot;}\">\n\t\t<div class=\"elementor-element elementor-element-5f6e5a7 e-con-full e-flex e-con e-child\" data-id=\"5f6e5a7\" data-element_type=\"container\" data-e-type=\"container\" data-settings=\"{&quot;background_background&quot;:&quot;classic&quot;}\">\n\t\t\t\t<div class=\"elementor-element elementor-element-a738145 elementor-widget elementor-widget-text-editor\" data-id=\"a738145\" data-element_type=\"widget\" data-e-type=\"widget\" data-widget_type=\"text-editor.default\">\n\t\t\t\t<div class=\"elementor-widget-container\">\n\t\t\t\t\t\t\t\t\t<p>Ana Benedito, fondatrice d&rsquo;ABE Architects, a plus de 25 ans d&rsquo;exp\u00e9rience dans le secteur de l&rsquo;architecture. Elle est architecte senior de l&rsquo;\u00c9cole Technique Sup\u00e9rieure d&rsquo;Architecture de Madrid (ETSAM) et a compl\u00e9t\u00e9 sa formation d&rsquo;ing\u00e9nieur \u00e0 l&rsquo;Universit\u00e9 Catholique de Louvain (UCLouvain) en Belgique. Tout au long de sa carri\u00e8re, il a travaill\u00e9 dans des domaines tr\u00e8s vari\u00e9s, allant du b\u00e2timent et de l&rsquo;urbanisme aux projets r\u00e9sidentiels, socio-sanitaires et de design d&rsquo;int\u00e9rieur.  <\/p>\n<p>Gr\u00e2ce \u00e0 sa ma\u00eetrise de l&rsquo;espagnol, de l&rsquo;anglais et du fran\u00e7ais, Ana aborde ses projets avec une vision globale et une attention m\u00e9ticuleuse aux d\u00e9tails. Avec son studio situ\u00e9 \u00e0 Puerto Ban\u00fas, Marbella, il continue de diriger ABE Architects en mettant clairement l&rsquo;accent sur l&rsquo;innovation et l&rsquo;excellence dans chaque projet qu&rsquo;il entreprend. <\/p>\n\t\t\t\t\t\t\t\t<\/div>\n\t\t\t\t<\/div>\n\t\t\t\t<\/div>\n\t\t<div class=\"elementor-element elementor-element-1cd592b e-con-full e-flex e-con e-child\" data-id=\"1cd592b\" data-element_type=\"container\" data-e-type=\"container\" data-settings=\"{&quot;background_background&quot;:&quot;classic&quot;}\">\n\t\t\t\t<div class=\"elementor-element elementor-element-7df9c79 elementor-widget elementor-widget-image\" data-id=\"7df9c79\" data-element_type=\"widget\" data-e-type=\"widget\" data-widget_type=\"image.default\">\n\t\t\t\t<div class=\"elementor-widget-container\">\n\t\t\t\t\t\t\t\t\t\t\t\t\t\t\t<img decoding=\"async\" width=\"980\" height=\"530\" src=\"https:\/\/abearchitects.com\/wp-content\/uploads\/2024\/09\/ana-benedito.webp\" class=\"attachment-full size-full wp-image-1084\" alt=\"ABE Architects - Ana Benedito\" srcset=\"https:\/\/abearchitects.com\/wp-content\/uploads\/2024\/09\/ana-benedito.webp 980w, https:\/\/abearchitects.com\/wp-content\/uploads\/2024\/09\/ana-benedito-300x162.webp 300w, https:\/\/abearchitects.com\/wp-content\/uploads\/2024\/09\/ana-benedito-768x415.webp 768w\" sizes=\"(max-width: 980px) 100vw, 980px\" \/>\t\t\t\t\t\t\t\t\t\t\t\t\t\t\t<\/div>\n\t\t\t\t<\/div>\n\t\t\t\t<\/div>\n\t\t\t\t<\/div>\n\t\t<div class=\"elementor-element elementor-element-9de98d5 e-con-full e-flex e-con e-parent\" data-id=\"9de98d5\" data-element_type=\"container\" data-e-type=\"container\" data-settings=\"{&quot;background_background&quot;:&quot;classic&quot;}\">\n\t\t<div class=\"elementor-element elementor-element-e976dd6 e-con-full e-flex e-con e-child\" data-id=\"e976dd6\" data-element_type=\"container\" data-e-type=\"container\" data-settings=\"{&quot;background_background&quot;:&quot;classic&quot;}\">\n\t\t\t\t<div class=\"elementor-element elementor-element-0ee8123 elementor-widget elementor-widget-image\" data-id=\"0ee8123\" data-element_type=\"widget\" data-e-type=\"widget\" data-widget_type=\"image.default\">\n\t\t\t\t<div class=\"elementor-widget-container\">\n\t\t\t\t\t\t\t\t\t\t\t\t\t\t\t<img decoding=\"async\" width=\"980\" height=\"530\" src=\"https:\/\/abearchitects.com\/wp-content\/uploads\/2024\/06\/nosotros-02.webp\" class=\"attachment-full size-full wp-image-604\" alt=\"ABE Architects\" srcset=\"https:\/\/abearchitects.com\/wp-content\/uploads\/2024\/06\/nosotros-02.webp 980w, https:\/\/abearchitects.com\/wp-content\/uploads\/2024\/06\/nosotros-02-300x162.webp 300w, https:\/\/abearchitects.com\/wp-content\/uploads\/2024\/06\/nosotros-02-768x415.webp 768w\" sizes=\"(max-width: 980px) 100vw, 980px\" \/>\t\t\t\t\t\t\t\t\t\t\t\t\t\t\t<\/div>\n\t\t\t\t<\/div>\n\t\t\t\t<\/div>\n\t\t<div class=\"elementor-element elementor-element-a64689f e-con-full e-flex e-con e-child\" data-id=\"a64689f\" data-element_type=\"container\" data-e-type=\"container\" data-settings=\"{&quot;background_background&quot;:&quot;classic&quot;}\">\n\t\t\t\t<div class=\"elementor-element elementor-element-fa99378 elementor-widget elementor-widget-text-editor\" data-id=\"fa99378\" data-element_type=\"widget\" data-e-type=\"widget\" data-widget_type=\"text-editor.default\">\n\t\t\t\t<div class=\"elementor-widget-container\">\n\t\t\t\t\t\t\t\t\t<p>Des maisons priv\u00e9es aux projets commerciaux et d\u00e9veloppements urbains, chez ABE Architects, nous abordons chaque projet avec une perspective unique, int\u00e9grant les derni\u00e8res tendances et technologies durables. Notre objectif est de cr\u00e9er des espaces qui non seulement r\u00e9pondent aux plus hauts standards de qualit\u00e9 et d\u2019efficacit\u00e9, mais qui enrichissent \u00e9galement la vie de ceux qui les utilisent. <\/p>\n\t\t\t\t\t\t\t\t<\/div>\n\t\t\t\t<\/div>\n\t\t\t\t<\/div>\n\t\t\t\t<\/div>\n\t\t<div class=\"elementor-element elementor-element-96e61e1 e-con-full e-flex e-con e-parent\" data-id=\"96e61e1\" data-element_type=\"container\" data-e-type=\"container\" data-settings=\"{&quot;background_background&quot;:&quot;classic&quot;}\">\n\t\t<div class=\"elementor-element elementor-element-00dda75 e-con-full e-flex e-con e-child\" data-id=\"00dda75\" data-element_type=\"container\" data-e-type=\"container\" data-settings=\"{&quot;background_background&quot;:&quot;classic&quot;}\">\n\t\t\t\t<div class=\"elementor-element elementor-element-6966120 elementor-widget elementor-widget-text-editor\" data-id=\"6966120\" data-element_type=\"widget\" data-e-type=\"widget\" data-widget_type=\"text-editor.default\">\n\t\t\t\t<div class=\"elementor-widget-container\">\n\t\t\t\t\t\t\t\t\t<p>La transparence, la communication constante et l&rsquo;engagement envers la satisfaction du client sont les piliers fondamentaux de notre m\u00e9thodologie de travail. Nous nous effor\u00e7ons d&rsquo;\u00e9tablir avec nos clients des relations durables, bas\u00e9es sur la confiance et le respect mutuel. <\/p>\n\t\t\t\t\t\t\t\t<\/div>\n\t\t\t\t<\/div>\n\t\t\t\t<\/div>\n\t\t<div class=\"elementor-element elementor-element-ea8da26 e-con-full e-flex e-con e-child\" data-id=\"ea8da26\" data-element_type=\"container\" data-e-type=\"container\" data-settings=\"{&quot;background_background&quot;:&quot;classic&quot;}\">\n\t\t\t\t<div class=\"elementor-element elementor-element-07fe970 elementor-widget elementor-widget-image\" data-id=\"07fe970\" data-element_type=\"widget\" data-e-type=\"widget\" data-widget_type=\"image.default\">\n\t\t\t\t<div class=\"elementor-widget-container\">\n\t\t\t\t\t\t\t\t\t\t\t\t\t\t\t<img loading=\"lazy\" decoding=\"async\" width=\"980\" height=\"530\" src=\"https:\/\/abearchitects.com\/wp-content\/uploads\/2024\/06\/nosotros-03.webp\" class=\"attachment-full size-full wp-image-606\" alt=\"ABE Architects\" srcset=\"https:\/\/abearchitects.com\/wp-content\/uploads\/2024\/06\/nosotros-03.webp 980w, https:\/\/abearchitects.com\/wp-content\/uploads\/2024\/06\/nosotros-03-300x162.webp 300w, https:\/\/abearchitects.com\/wp-content\/uploads\/2024\/06\/nosotros-03-768x415.webp 768w\" sizes=\"(max-width: 980px) 100vw, 980px\" \/>\t\t\t\t\t\t\t\t\t\t\t\t\t\t\t<\/div>\n\t\t\t\t<\/div>\n\t\t\t\t<\/div>\n\t\t\t\t<\/div>\n\t\t<div class=\"elementor-element elementor-element-9dfc4eb e-con-full e-flex e-con e-parent\" data-id=\"9dfc4eb\" data-element_type=\"container\" data-e-type=\"container\" data-settings=\"{&quot;background_background&quot;:&quot;classic&quot;}\">\n\t\t<div class=\"elementor-element elementor-element-2df257b e-con-full e-flex e-con e-child\" data-id=\"2df257b\" data-element_type=\"container\" data-e-type=\"container\" data-settings=\"{&quot;background_background&quot;:&quot;classic&quot;}\">\n\t\t\t\t<div class=\"elementor-element elementor-element-9aed245 elementor-widget elementor-widget-image\" data-id=\"9aed245\" data-element_type=\"widget\" data-e-type=\"widget\" data-widget_type=\"image.default\">\n\t\t\t\t<div class=\"elementor-widget-container\">\n\t\t\t\t\t\t\t\t\t\t\t\t\t\t\t<img loading=\"lazy\" decoding=\"async\" width=\"980\" height=\"530\" src=\"https:\/\/abearchitects.com\/wp-content\/uploads\/2024\/06\/nosotros-04.webp\" class=\"attachment-full size-full wp-image-608\" alt=\"ABE Architects\" srcset=\"https:\/\/abearchitects.com\/wp-content\/uploads\/2024\/06\/nosotros-04.webp 980w, https:\/\/abearchitects.com\/wp-content\/uploads\/2024\/06\/nosotros-04-300x162.webp 300w, https:\/\/abearchitects.com\/wp-content\/uploads\/2024\/06\/nosotros-04-768x415.webp 768w\" sizes=\"(max-width: 980px) 100vw, 980px\" \/>\t\t\t\t\t\t\t\t\t\t\t\t\t\t\t<\/div>\n\t\t\t\t<\/div>\n\t\t\t\t<\/div>\n\t\t<div class=\"elementor-element elementor-element-1547914 e-con-full e-flex e-con e-child\" data-id=\"1547914\" data-element_type=\"container\" data-e-type=\"container\" data-settings=\"{&quot;background_background&quot;:&quot;classic&quot;}\">\n\t\t\t\t<div class=\"elementor-element elementor-element-c84ed9c elementor-widget elementor-widget-text-editor\" data-id=\"c84ed9c\" data-element_type=\"widget\" data-e-type=\"widget\" data-widget_type=\"text-editor.default\">\n\t\t\t\t<div class=\"elementor-widget-container\">\n\t\t\t\t\t\t\t\t\t<p>Chez ABE Architects, chaque projet est une opportunit\u00e9 d\u2019innover et d\u2019\u00e9lever l\u2019art de l\u2019architecture. Nous nous engageons \u00e0 cr\u00e9er des designs qui durent et laissent une marque positive sur la communaut\u00e9 et l&rsquo;environnement. Merci d&rsquo;avoir pens\u00e9 \u00e0 ABE Architects pour votre prochain projet. Ensemble, nous pouvons transformer votre vision en une belle r\u00e9alit\u00e9 tangible.   <\/p>\n\t\t\t\t\t\t\t\t<\/div>\n\t\t\t\t<\/div>\n\t\t\t\t<\/div>\n\t\t\t\t<\/div>\n\t\t\t\t<\/div>\n\t\t","protected":false},"excerpt":{"rendered":"<p>\u00c0 propos de ABE Chez ABE Architects, nous nous engageons \u00e0 cr\u00e9er des conceptions architecturales qui d\u00e9passent les attentes et capturent l&rsquo;essence de chaque projet. Bas\u00e9 \u00e0 Marbella, notre studio se distingue par son approche innovante et son engagement envers l&rsquo;excellence dans les moindres d\u00e9tails. Notre \u00e9quipe est compos\u00e9e d&rsquo;architectes et de designers hautement qualifi\u00e9s [&hellip;]<\/p>\n","protected":false},"author":2,"featured_media":0,"parent":0,"menu_order":0,"comment_status":"closed","ping_status":"closed","template":"","meta":{"footnotes":""},"class_list":["post-1845","page","type-page","status-publish","hentry"],"_links":{"self":[{"href":"https:\/\/abearchitects.com\/fr\/wp-json\/wp\/v2\/pages\/1845","targetHints":{"allow":["GET"]}}],"collection":[{"href":"https:\/\/abearchitects.com\/fr\/wp-json\/wp\/v2\/pages"}],"about":[{"href":"https:\/\/abearchitects.com\/fr\/wp-json\/wp\/v2\/types\/page"}],"author":[{"embeddable":true,"href":"https:\/\/abearchitects.com\/fr\/wp-json\/wp\/v2\/users\/2"}],"replies":[{"embeddable":true,"href":"https:\/\/abearchitects.com\/fr\/wp-json\/wp\/v2\/comments?post=1845"}],"version-history":[{"count":3,"href":"https:\/\/abearchitects.com\/fr\/wp-json\/wp\/v2\/pages\/1845\/revisions"}],"predecessor-version":[{"id":1852,"href":"https:\/\/abearchitects.com\/fr\/wp-json\/wp\/v2\/pages\/1845\/revisions\/1852"}],"wp:attachment":[{"href":"https:\/\/abearchitects.com\/fr\/wp-json\/wp\/v2\/media?parent=1845"}],"curies":[{"name":"wp","href":"https:\/\/api.w.org\/{rel}","templated":true}]}}